{"id":527,"date":"2023-04-18T18:38:40","date_gmt":"2023-04-18T16:38:40","guid":{"rendered":"https:\/\/www.bindernet.de\/?page_id=527"},"modified":"2024-07-18T02:48:57","modified_gmt":"2024-07-18T00:48:57","slug":"kontakt","status":"publish","type":"page","link":"https:\/\/www.bindernet.de\/de\/kontakt\/","title":{"rendered":"Kontakt"},"content":{"rendered":"\t\t<div data-elementor-type=\"wp-page\" data-elementor-id=\"527\" class=\"elementor elementor-527\" data-elementor-post-type=\"page\">\n\t\t\t\t<div class=\"elementor-element elementor-element-c8a5db2 p-con bg-con e-con-full e-flex e-con e-parent\" data-id=\"c8a5db2\" data-element_type=\"container\" data-e-type=\"container\" data-settings=\"{&quot;background_background&quot;:&quot;classic&quot;}\">\n\t\t<div class=\"elementor-element elementor-element-8f1a275 e-con-full ph-con bg-con e-flex e-con e-child\" data-id=\"8f1a275\" data-element_type=\"container\" data-e-type=\"container\" data-settings=\"{&quot;background_background&quot;:&quot;classic&quot;}\">\n\t\t<div class=\"elementor-element elementor-element-12d9917 e-con-full flex-con flex-size--2-1 flex-gap--0 e-flex e-con e-child\" data-id=\"12d9917\" data-element_type=\"container\" data-e-type=\"container\">\n\t\t<div class=\"elementor-element elementor-element-0107e09 e-con-full e-flex e-con e-child\" data-id=\"0107e09\" data-element_type=\"container\" data-e-type=\"container\" data-settings=\"{&quot;background_background&quot;:&quot;classic&quot;}\">\n\t\t\t\t<div class=\"elementor-element elementor-element-8e516a5 elementor-widget elementor-widget-text-editor\" data-id=\"8e516a5\" data-element_type=\"widget\" data-e-type=\"widget\" data-widget_type=\"text-editor.default\">\n\t\t\t\t<div class=\"elementor-widget-container\">\n\t\t\t\t\t\t\t\t\t<p>KONTAKT<\/p>\t\t\t\t\t\t\t\t<\/div>\n\t\t\t\t<\/div>\n\t\t\t\t<div class=\"elementor-element elementor-element-cc7b4cb elementor-widget elementor-widget-heading\" data-id=\"cc7b4cb\" data-element_type=\"widget\" data-e-type=\"widget\" data-widget_type=\"heading.default\">\n\t\t\t\t<div class=\"elementor-widget-container\">\n\t\t\t\t\t<h1 class=\"elementor-heading-title elementor-size-default\">Unser Team steht Ihnen zur Verf\u00fcgung<\/h1>\t\t\t\t<\/div>\n\t\t\t\t<\/div>\n\t\t\t\t<\/div>\n\t\t<div class=\"elementor-element elementor-element-c6aa0eb e-con-full e-flex e-con e-child\" data-id=\"c6aa0eb\" data-element_type=\"container\" data-e-type=\"container\">\n\t\t\t\t<div class=\"elementor-element elementor-element-bb60f7c animated-big-arrow-down animate-bgo--transparent-yellow js-skip-page-header elementor-widget elementor-widget-button\" data-id=\"bb60f7c\" data-element_type=\"widget\" data-e-type=\"widget\" data-widget_type=\"button.default\">\n\t\t\t\t<div class=\"elementor-widget-container\">\n\t\t\t\t\t\t\t\t\t<div class=\"elementor-button-wrapper\">\n\t\t\t\t\t<a class=\"elementor-button elementor-button-link elementor-size-sm\" href=\"\">\n\t\t\t\t\t\t<span class=\"elementor-button-content-wrapper\">\n\t\t\t\t\t\t\t\t\t<span class=\"elementor-button-text\"> <\/span>\n\t\t\t\t\t<\/span>\n\t\t\t\t\t<\/a>\n\t\t\t\t<\/div>\n\t\t\t\t\t\t\t\t<\/div>\n\t\t\t\t<\/div>\n\t\t\t\t<\/div>\n\t\t\t\t<\/div>\n\t\t\t\t<\/div>\n\t\t\t\t<div class=\"elementor-element elementor-element-0077808 elementor-widget elementor-widget-spacer\" data-id=\"0077808\" data-element_type=\"widget\" data-e-type=\"widget\" data-widget_type=\"spacer.default\">\n\t\t\t\t<div class=\"elementor-widget-container\">\n\t\t\t\t\t\t\t<div class=\"elementor-spacer\">\n\t\t\t<div class=\"elementor-spacer-inner\"><\/div>\n\t\t<\/div>\n\t\t\t\t\t\t<\/div>\n\t\t\t\t<\/div>\n\t\t\t\t<div class=\"elementor-element elementor-element-f81c14b elementor-widget elementor-widget-template\" data-id=\"f81c14b\" data-element_type=\"widget\" data-e-type=\"widget\" data-widget_type=\"template.default\">\n\t\t\t\t<div class=\"elementor-widget-container\">\n\t\t\t\t\t\t\t<div class=\"elementor-template\">\n\t\t\t\t\t<div data-elementor-type=\"container\" data-elementor-id=\"3109\" class=\"elementor elementor-3109\" data-elementor-post-type=\"elementor_library\">\n\t\t\t\t<div class=\"elementor-element elementor-element-27e9cff e-con-full bg-con e-flex e-con e-parent\" data-id=\"27e9cff\" data-element_type=\"container\" data-e-type=\"container\" data-settings=\"{&quot;background_background&quot;:&quot;classic&quot;}\">\n\t\t<div class=\"elementor-element elementor-element-4d6c593c e-con-full e-flex e-con e-child\" data-id=\"4d6c593c\" data-element_type=\"container\" data-e-type=\"container\">\n\t\t<div class=\"elementor-element elementor-element-24f27d6b flex-con flex-size--10-12-8 flex-size--2n-t flex-size--1n-m flex-gap--20 e-con-full e-flex e-con e-child\" data-id=\"24f27d6b\" data-element_type=\"container\" data-e-type=\"container\">\n\t\t\t\t<div class=\"elementor-element elementor-element-9fcd8c6 single font-weight--normal elementor-widget elementor-widget-text-editor\" data-id=\"9fcd8c6\" data-element_type=\"widget\" data-e-type=\"widget\" data-widget_type=\"text-editor.default\">\n\t\t\t\t<div class=\"elementor-widget-container\">\n\t\t\t\t\t\t\t\t\t<h2>Kontakt<\/h2>\t\t\t\t\t\t\t\t<\/div>\n\t\t\t\t<\/div>\n\t\t\t\t<div class=\"elementor-element elementor-element-4dcd817c elementor-widget elementor-widget-text-editor\" data-id=\"4dcd817c\" data-element_type=\"widget\" data-e-type=\"widget\" data-widget_type=\"text-editor.default\">\n\t\t\t\t<div class=\"elementor-widget-container\">\n\t\t\t\t\t\t\t\t\t<p>Wir freuen uns \u00fcber Ihre Anfrage! Bitte beschreiben Sie Ihre Anforderungen im Kontaktformular.<\/p>\t\t\t\t\t\t\t\t<\/div>\n\t\t\t\t<\/div>\n\t\t\t\t<\/div>\n\t\t\t\t<div class=\"elementor-element elementor-element-42a14fe2 elementor-widget elementor-widget-spacer\" data-id=\"42a14fe2\" data-element_type=\"widget\" data-e-type=\"widget\" data-widget_type=\"spacer.default\">\n\t\t\t\t<div class=\"elementor-widget-container\">\n\t\t\t\t\t\t\t<div class=\"elementor-spacer\">\n\t\t\t<div class=\"elementor-spacer-inner\"><\/div>\n\t\t<\/div>\n\t\t\t\t\t\t<\/div>\n\t\t\t\t<\/div>\n\t\t\t\t<\/div>\n\t\t<div class=\"elementor-element elementor-element-52ee430c e-con-full bg-con e-flex e-con e-child\" data-id=\"52ee430c\" data-element_type=\"container\" data-e-type=\"container\" data-settings=\"{&quot;background_background&quot;:&quot;classic&quot;}\">\n\t\t<div class=\"elementor-element elementor-element-6f62542d boxed-no-padding e-flex e-con-boxed e-con e-child\" data-id=\"6f62542d\" data-element_type=\"container\" data-e-type=\"container\">\n\t\t\t\t\t<div class=\"e-con-inner\">\n\t\t<div class=\"elementor-element elementor-element-53af37b7 e-con-full flex-con flex-size--2-1 flex-size--1n-t flex-size--1n-m flex-gap--0 e-flex e-con e-child\" data-id=\"53af37b7\" data-element_type=\"container\" data-e-type=\"container\">\n\t\t<div class=\"elementor-element elementor-element-58da5e6f e-con-full e-flex e-con e-child\" data-id=\"58da5e6f\" data-element_type=\"container\" data-e-type=\"container\" data-settings=\"{&quot;background_background&quot;:&quot;classic&quot;}\">\n\t\t\t\t<div class=\"elementor-element elementor-element-163c4d9 form-1 js-add-input-transition-elements js-add-checkbox-transition-elements elementor-button-align-stretch elementor-widget elementor-widget-form\" data-id=\"163c4d9\" data-element_type=\"widget\" data-e-type=\"widget\" data-settings=\"{&quot;step_next_label&quot;:&quot;N\\u00e4chster&quot;,&quot;step_previous_label&quot;:&quot;Voriger&quot;,&quot;button_width&quot;:&quot;30&quot;,&quot;step_type&quot;:&quot;number_text&quot;,&quot;step_icon_shape&quot;:&quot;circle&quot;}\" data-widget_type=\"form.default\">\n\t\t\t\t<div class=\"elementor-widget-container\">\n\t\t\t\t\t\t\t<form class=\"elementor-form\" method=\"post\" name=\"Kontakt\" aria-label=\"Kontakt\" novalidate=\"\">\n\t\t\t<input type=\"hidden\" name=\"post_id\" value=\"3109\"\/>\n\t\t\t<input type=\"hidden\" name=\"form_id\" value=\"163c4d9\"\/>\n\t\t\t<input type=\"hidden\" name=\"referer_title\" value=\"100 Jahre pr\u00e4zise Metallbaugruppen | 100 Jahre Zukunft - Binder\" \/>\n\n\t\t\t\t\t\t\t<input type=\"hidden\" name=\"queried_id\" value=\"2\"\/>\n\t\t\t\n\t\t\t<div class=\"elementor-form-fields-wrapper elementor-labels-above\">\n\t\t\t\t\t\t\t\t<div class=\"elementor-field-type-radio elementor-field-group elementor-column elementor-field-group-field_1f154a4 elementor-col-100 elementor-field-required elementor-mark-required\">\n\t\t\t\t\t\t\t\t\t\t\t\t<label for=\"form-field-field_1f154a4\" class=\"elementor-field-label\">\n\t\t\t\t\t\t\t\tGew\u00fcnschte Abteilung:\t\t\t\t\t\t\t<\/label>\n\t\t\t\t\t\t<div class=\"elementor-field-subgroup  elementor-subgroup-inline\"><span class=\"elementor-field-option\"><input type=\"radio\" value=\"Vertrieb\" id=\"form-field-field_1f154a4-0\" name=\"form_fields[field_1f154a4]\" required=\"required\"> <label for=\"form-field-field_1f154a4-0\">Vertrieb<\/label><\/span><span class=\"elementor-field-option\"><input type=\"radio\" value=\"Einkauf\" id=\"form-field-field_1f154a4-1\" name=\"form_fields[field_1f154a4]\" required=\"required\"> <label for=\"form-field-field_1f154a4-1\">Einkauf<\/label><\/span><span class=\"elementor-field-option\"><input type=\"radio\" value=\"Personal\" id=\"form-field-field_1f154a4-2\" name=\"form_fields[field_1f154a4]\" required=\"required\"> <label for=\"form-field-field_1f154a4-2\">Personal<\/label><\/span><\/div>\t\t\t\t<\/div>\n\t\t\t\t\t\t\t\t<div class=\"elementor-field-type-text elementor-field-group elementor-column elementor-field-group-field_17fcd6f elementor-col-50 elementor-field-required elementor-mark-required\">\n\t\t\t\t\t\t\t\t\t\t\t\t<label for=\"form-field-field_17fcd6f\" class=\"elementor-field-label\">\n\t\t\t\t\t\t\t\tNachname\t\t\t\t\t\t\t<\/label>\n\t\t\t\t\t\t\t\t\t\t\t\t\t\t<input size=\"1\" type=\"text\" name=\"form_fields[field_17fcd6f]\" id=\"form-field-field_17fcd6f\" class=\"elementor-field elementor-size-sm  elementor-field-textual\" required=\"required\">\n\t\t\t\t\t\t\t\t\t\t\t<\/div>\n\t\t\t\t\t\t\t\t<div class=\"elementor-field-type-text elementor-field-group elementor-column elementor-field-group-field_3ac695d elementor-col-50 elementor-field-required elementor-mark-required\">\n\t\t\t\t\t\t\t\t\t\t\t\t<label for=\"form-field-field_3ac695d\" class=\"elementor-field-label\">\n\t\t\t\t\t\t\t\tVorname\t\t\t\t\t\t\t<\/label>\n\t\t\t\t\t\t\t\t\t\t\t\t\t\t<input size=\"1\" type=\"text\" name=\"form_fields[field_3ac695d]\" id=\"form-field-field_3ac695d\" class=\"elementor-field elementor-size-sm  elementor-field-textual\" required=\"required\">\n\t\t\t\t\t\t\t\t\t\t\t<\/div>\n\t\t\t\t\t\t\t\t<div class=\"elementor-field-type-email elementor-field-group elementor-column elementor-field-group-email elementor-col-50 elementor-field-required elementor-mark-required\">\n\t\t\t\t\t\t\t\t\t\t\t\t<label for=\"form-field-email\" class=\"elementor-field-label\">\n\t\t\t\t\t\t\t\tE-Mail\t\t\t\t\t\t\t<\/label>\n\t\t\t\t\t\t\t\t\t\t\t\t\t\t<input size=\"1\" type=\"email\" name=\"form_fields[email]\" id=\"form-field-email\" class=\"elementor-field elementor-size-sm  elementor-field-textual\" required=\"required\">\n\t\t\t\t\t\t\t\t\t\t\t<\/div>\n\t\t\t\t\t\t\t\t<div class=\"elementor-field-type-tel elementor-field-group elementor-column elementor-field-group-field_61e5c43 elementor-col-50\">\n\t\t\t\t\t\t\t\t\t\t\t\t<label for=\"form-field-field_61e5c43\" class=\"elementor-field-label\">\n\t\t\t\t\t\t\t\tTelefon\t\t\t\t\t\t\t<\/label>\n\t\t\t\t\t\t\t\t<input size=\"1\" type=\"tel\" name=\"form_fields[field_61e5c43]\" id=\"form-field-field_61e5c43\" class=\"elementor-field elementor-size-sm  elementor-field-textual\" pattern=\"[0-9()#&amp;+*-=.]+\" title=\"Nur Nummern oder Telefon-Zeichen (#, -, *, etc) werden akzeptiert.\">\n\n\t\t\t\t\t\t<\/div>\n\t\t\t\t\t\t\t\t<div class=\"elementor-field-type-textarea elementor-field-group elementor-column elementor-field-group-message elementor-col-100\">\n\t\t\t\t\t\t\t\t\t\t\t\t<label for=\"form-field-message\" class=\"elementor-field-label\">\n\t\t\t\t\t\t\t\tNachricht\t\t\t\t\t\t\t<\/label>\n\t\t\t\t\t\t<textarea class=\"elementor-field-textual elementor-field  elementor-size-sm\" name=\"form_fields[message]\" id=\"form-field-message\" rows=\"3\"><\/textarea>\t\t\t\t<\/div>\n\t\t\t\t\t\t\t\t<div class=\"elementor-field-type-acceptance elementor-field-group elementor-column elementor-field-group-field_c7240d0 elementor-col-70 elementor-field-required elementor-mark-required\">\n\t\t\t\t\t\t\t<div class=\"elementor-field-subgroup\">\n\t\t\t<span class=\"elementor-field-option\">\n\t\t\t\t<input type=\"checkbox\" name=\"form_fields[field_c7240d0]\" id=\"form-field-field_c7240d0\" class=\"elementor-field elementor-size-sm  elementor-acceptance-field\" required=\"required\">\n\t\t\t\t<label for=\"form-field-field_c7240d0\">Ich akzeptiere die <a href=\"\/de\/datenschutz\/\" target=\"_blank\">Datenschutzbestimmungen<\/a>.<\/label>\t\t\t<\/span>\n\t\t<\/div>\n\t\t\t\t\t\t<\/div>\n\t\t\t\t\t\t\t\t<div class=\"elementor-field-group elementor-column elementor-field-type-submit elementor-col-30 e-form__buttons\">\n\t\t\t\t\t<button class=\"elementor-button elementor-size-sm\" type=\"submit\">\n\t\t\t\t\t\t<span class=\"elementor-button-content-wrapper\">\n\t\t\t\t\t\t\t\t\t\t\t\t\t\t\t\t\t\t\t\t\t\t<span class=\"elementor-button-text\">Senden<\/span>\n\t\t\t\t\t\t\t\t\t\t\t\t\t<\/span>\n\t\t\t\t\t<\/button>\n\t\t\t\t<\/div>\n\t\t\t<\/div>\n\t\t<\/form>\n\t\t\t\t\t\t<\/div>\n\t\t\t\t<\/div>\n\t\t\t\t<\/div>\n\t\t<div class=\"elementor-element elementor-element-3acb2757 e-con-full elementor-hidden-tablet elementor-hidden-mobile e-flex e-con e-child\" data-id=\"3acb2757\" data-element_type=\"container\" data-e-type=\"container\">\n\t\t\t\t<div class=\"elementor-element elementor-element-acc6fb9 company-name single elementor-widget__width-initial elementor-widget elementor-widget-text-editor\" data-id=\"acc6fb9\" data-element_type=\"widget\" data-e-type=\"widget\" data-widget_type=\"text-editor.default\">\n\t\t\t\t<div class=\"elementor-widget-container\">\n\t\t\t\t\t\t\t\t\t<strong>Metallwarenfabrik Reichertshofen <span class=\"no-wrap\">Karl Binder GmbH<\/span><\/strong>\t\t\t\t\t\t\t\t<\/div>\n\t\t\t\t<\/div>\n\t\t\t\t<div class=\"elementor-element elementor-element-26112f9e single elementor-widget elementor-widget-text-editor\" data-id=\"26112f9e\" data-element_type=\"widget\" data-e-type=\"widget\" data-widget_type=\"text-editor.default\">\n\t\t\t\t<div class=\"elementor-widget-container\">\n\t\t\t\t\t\t\t\t\t<p>M\u00fcnchener Str. 45<br \/>85123 Karlskron-Brautlach<\/p>\t\t\t\t\t\t\t\t<\/div>\n\t\t\t\t<\/div>\n\t\t\t\t<div class=\"elementor-element elementor-element-65e612ba icon-list-1 elementor-icon-list--layout-traditional elementor-list-item-link-full_width elementor-widget elementor-widget-icon-list\" data-id=\"65e612ba\" data-element_type=\"widget\" data-e-type=\"widget\" data-widget_type=\"icon-list.default\">\n\t\t\t\t<div class=\"elementor-widget-container\">\n\t\t\t\t\t\t\t<ul class=\"elementor-icon-list-items\">\n\t\t\t\t\t\t\t<li class=\"elementor-icon-list-item\">\n\t\t\t\t\t\t\t\t\t\t\t<a href=\"tel:+49845092690\" data-icon=\"phone\">\n\n\t\t\t\t\t\t\t\t\t\t\t\t<span class=\"elementor-icon-list-icon\">\n\t\t\t\t\t\t\t<i aria-hidden=\"true\" class=\"fas fa-phone-alt\"><\/i>\t\t\t\t\t\t<\/span>\n\t\t\t\t\t\t\t\t\t\t<span class=\"elementor-icon-list-text\">+49 8450 9269 0<\/span>\n\t\t\t\t\t\t\t\t\t\t\t<\/a>\n\t\t\t\t\t\t\t\t\t<\/li>\n\t\t\t\t\t\t\t\t<li class=\"elementor-icon-list-item\">\n\t\t\t\t\t\t\t\t\t\t\t<a href=\"mailto:info@bindernet.de\" data-icon=\"mail\">\n\n\t\t\t\t\t\t\t\t\t\t\t\t<span class=\"elementor-icon-list-icon\">\n\t\t\t\t\t\t\t<i aria-hidden=\"true\" class=\"far fa-envelope\"><\/i>\t\t\t\t\t\t<\/span>\n\t\t\t\t\t\t\t\t\t\t<span class=\"elementor-icon-list-text\">info@bindernet.de<\/span>\n\t\t\t\t\t\t\t\t\t\t\t<\/a>\n\t\t\t\t\t\t\t\t\t<\/li>\n\t\t\t\t\t\t<\/ul>\n\t\t\t\t\t\t<\/div>\n\t\t\t\t<\/div>\n\t\t\t\t<\/div>\n\t\t\t\t<\/div>\n\t\t\t\t\t<\/div>\n\t\t\t\t<\/div>\n\t\t\t\t<\/div>\n\t\t\t\t<\/div>\n\t\t\t\t<\/div>\n\t\t\t\t<\/div>\n\t\t\t\t\t\t<\/div>\n\t\t\t\t<\/div>\n\t\t\t\t<div class=\"elementor-element elementor-element-9fd1ca7 elementor-widget elementor-widget-spacer\" data-id=\"9fd1ca7\" data-element_type=\"widget\" data-e-type=\"widget\" data-widget_type=\"spacer.default\">\n\t\t\t\t<div class=\"elementor-widget-container\">\n\t\t\t\t\t\t\t<div class=\"elementor-spacer\">\n\t\t\t<div class=\"elementor-spacer-inner\"><\/div>\n\t\t<\/div>\n\t\t\t\t\t\t<\/div>\n\t\t\t\t<\/div>\n\t\t\t\t<\/div>\n\t\t\t\t<\/div>\n\t\t","protected":false},"excerpt":{"rendered":"<p>KONTAKT Unser Team steht Ihnen zur Verf\u00fcgung<\/p>\n","protected":false},"author":1,"featured_media":0,"parent":0,"menu_order":0,"comment_status":"closed","ping_status":"closed","template":"","meta":{"_acf_changed":false,"inline_featured_image":false,"footnotes":""},"class_list":["post-527","page","type-page","status-publish","hentry"],"acf":[],"yoast_head":"<!-- This site is optimized with the Yoast SEO plugin v27.1.1 - https:\/\/yoast.com\/product\/yoast-seo-wordpress\/ -->\n<title>Kontakt - Binder<\/title>\n<meta name=\"description\" content=\"Ihr direkter Draht zu uns - Kontaktieren Sie uns f\u00fcr individuelle Beratung und L\u00f6sungen. Unsere Experten sind f\u00fcr Sie da! Jetzt anfragen!\" \/>\n<meta name=\"robots\" content=\"index, follow, max-snippet:-1, max-image-preview:large, max-video-preview:-1\" \/>\n<link rel=\"canonical\" href=\"https:\/\/www.bindernet.de\/de\/kontakt\/\" \/>\n<meta property=\"og:locale\" content=\"de_DE\" \/>\n<meta property=\"og:type\" content=\"article\" \/>\n<meta property=\"og:title\" content=\"Kontakt - Binder\" \/>\n<meta property=\"og:description\" content=\"Ihr direkter Draht zu uns - Kontaktieren Sie uns f\u00fcr individuelle Beratung und L\u00f6sungen. Unsere Experten sind f\u00fcr Sie da! Jetzt anfragen!\" \/>\n<meta property=\"og:url\" content=\"https:\/\/www.bindernet.de\/de\/kontakt\/\" \/>\n<meta property=\"og:site_name\" content=\"Binder\" \/>\n<meta property=\"article:modified_time\" content=\"2024-07-18T00:48:57+00:00\" \/>\n<meta name=\"twitter:card\" content=\"summary_large_image\" \/>\n<meta name=\"twitter:label1\" content=\"Gesch\u00e4tzte Lesezeit\" \/>\n\t<meta name=\"twitter:data1\" content=\"1\u00a0Minute\" \/>\n<script type=\"application\/ld+json\" class=\"yoast-schema-graph\">{\"@context\":\"https:\/\/schema.org\",\"@graph\":[{\"@type\":\"WebPage\",\"@id\":\"https:\/\/www.bindernet.de\/de\/kontakt\/\",\"url\":\"https:\/\/www.bindernet.de\/de\/kontakt\/\",\"name\":\"Kontakt - Binder\",\"isPartOf\":{\"@id\":\"https:\/\/www.bindernet.de\/de\/#website\"},\"datePublished\":\"2023-04-18T16:38:40+00:00\",\"dateModified\":\"2024-07-18T00:48:57+00:00\",\"description\":\"Ihr direkter Draht zu uns - Kontaktieren Sie uns f\u00fcr individuelle Beratung und L\u00f6sungen. Unsere Experten sind f\u00fcr Sie da! Jetzt anfragen!\",\"inLanguage\":\"de\",\"potentialAction\":[{\"@type\":\"ReadAction\",\"target\":[\"https:\/\/www.bindernet.de\/de\/kontakt\/\"]}]},{\"@type\":\"WebSite\",\"@id\":\"https:\/\/www.bindernet.de\/de\/#website\",\"url\":\"https:\/\/www.bindernet.de\/de\/\",\"name\":\"Binder\",\"description\":\"\",\"publisher\":{\"@id\":\"https:\/\/www.bindernet.de\/de\/#organization\"},\"potentialAction\":[{\"@type\":\"SearchAction\",\"target\":{\"@type\":\"EntryPoint\",\"urlTemplate\":\"https:\/\/www.bindernet.de\/de\/?s={search_term_string}\"},\"query-input\":{\"@type\":\"PropertyValueSpecification\",\"valueRequired\":true,\"valueName\":\"search_term_string\"}}],\"inLanguage\":\"de\"},{\"@type\":\"Organization\",\"@id\":\"https:\/\/www.bindernet.de\/de\/#organization\",\"name\":\"Binder\",\"url\":\"https:\/\/www.bindernet.de\/de\/\",\"logo\":{\"@type\":\"ImageObject\",\"inLanguage\":\"de\",\"@id\":\"https:\/\/www.bindernet.de\/de\/#\/schema\/logo\/image\/\",\"url\":\"https:\/\/www.bindernet.de\/wp-content\/uploads\/logo_binder.svg\",\"contentUrl\":\"https:\/\/www.bindernet.de\/wp-content\/uploads\/logo_binder.svg\",\"width\":173,\"height\":42,\"caption\":\"Binder\"},\"image\":{\"@id\":\"https:\/\/www.bindernet.de\/de\/#\/schema\/logo\/image\/\"}}]}<\/script>\n<!-- \/ Yoast SEO plugin. -->","yoast_head_json":{"title":"Kontakt - Binder","description":"Ihr direkter Draht zu uns - Kontaktieren Sie uns f\u00fcr individuelle Beratung und L\u00f6sungen. Unsere Experten sind f\u00fcr Sie da! Jetzt anfragen!","robots":{"index":"index","follow":"follow","max-snippet":"max-snippet:-1","max-image-preview":"max-image-preview:large","max-video-preview":"max-video-preview:-1"},"canonical":"https:\/\/www.bindernet.de\/de\/kontakt\/","og_locale":"de_DE","og_type":"article","og_title":"Kontakt - Binder","og_description":"Ihr direkter Draht zu uns - Kontaktieren Sie uns f\u00fcr individuelle Beratung und L\u00f6sungen. Unsere Experten sind f\u00fcr Sie da! Jetzt anfragen!","og_url":"https:\/\/www.bindernet.de\/de\/kontakt\/","og_site_name":"Binder","article_modified_time":"2024-07-18T00:48:57+00:00","twitter_card":"summary_large_image","twitter_misc":{"Gesch\u00e4tzte Lesezeit":"1\u00a0Minute"},"schema":{"@context":"https:\/\/schema.org","@graph":[{"@type":"WebPage","@id":"https:\/\/www.bindernet.de\/de\/kontakt\/","url":"https:\/\/www.bindernet.de\/de\/kontakt\/","name":"Kontakt - Binder","isPartOf":{"@id":"https:\/\/www.bindernet.de\/de\/#website"},"datePublished":"2023-04-18T16:38:40+00:00","dateModified":"2024-07-18T00:48:57+00:00","description":"Ihr direkter Draht zu uns - Kontaktieren Sie uns f\u00fcr individuelle Beratung und L\u00f6sungen. Unsere Experten sind f\u00fcr Sie da! Jetzt anfragen!","inLanguage":"de","potentialAction":[{"@type":"ReadAction","target":["https:\/\/www.bindernet.de\/de\/kontakt\/"]}]},{"@type":"WebSite","@id":"https:\/\/www.bindernet.de\/de\/#website","url":"https:\/\/www.bindernet.de\/de\/","name":"Binder","description":"","publisher":{"@id":"https:\/\/www.bindernet.de\/de\/#organization"},"potentialAction":[{"@type":"SearchAction","target":{"@type":"EntryPoint","urlTemplate":"https:\/\/www.bindernet.de\/de\/?s={search_term_string}"},"query-input":{"@type":"PropertyValueSpecification","valueRequired":true,"valueName":"search_term_string"}}],"inLanguage":"de"},{"@type":"Organization","@id":"https:\/\/www.bindernet.de\/de\/#organization","name":"Binder","url":"https:\/\/www.bindernet.de\/de\/","logo":{"@type":"ImageObject","inLanguage":"de","@id":"https:\/\/www.bindernet.de\/de\/#\/schema\/logo\/image\/","url":"https:\/\/www.bindernet.de\/wp-content\/uploads\/logo_binder.svg","contentUrl":"https:\/\/www.bindernet.de\/wp-content\/uploads\/logo_binder.svg","width":173,"height":42,"caption":"Binder"},"image":{"@id":"https:\/\/www.bindernet.de\/de\/#\/schema\/logo\/image\/"}}]}},"_links":{"self":[{"href":"https:\/\/www.bindernet.de\/de\/wp-json\/wp\/v2\/pages\/527","targetHints":{"allow":["GET"]}}],"collection":[{"href":"https:\/\/www.bindernet.de\/de\/wp-json\/wp\/v2\/pages"}],"about":[{"href":"https:\/\/www.bindernet.de\/de\/wp-json\/wp\/v2\/types\/page"}],"author":[{"embeddable":true,"href":"https:\/\/www.bindernet.de\/de\/wp-json\/wp\/v2\/users\/1"}],"replies":[{"embeddable":true,"href":"https:\/\/www.bindernet.de\/de\/wp-json\/wp\/v2\/comments?post=527"}],"version-history":[{"count":12,"href":"https:\/\/www.bindernet.de\/de\/wp-json\/wp\/v2\/pages\/527\/revisions"}],"predecessor-version":[{"id":9999,"href":"https:\/\/www.bindernet.de\/de\/wp-json\/wp\/v2\/pages\/527\/revisions\/9999"}],"wp:attachment":[{"href":"https:\/\/www.bindernet.de\/de\/wp-json\/wp\/v2\/media?parent=527"}],"curies":[{"name":"wp","href":"https:\/\/api.w.org\/{rel}","templated":true}]}}