{"id":4700,"date":"2023-06-21T06:32:48","date_gmt":"2023-06-21T04:32:48","guid":{"rendered":"https:\/\/www.bindernet.de\/?page_id=4700"},"modified":"2024-07-18T02:48:28","modified_gmt":"2024-07-18T00:48:28","slug":"impressum","status":"publish","type":"page","link":"https:\/\/www.bindernet.de\/de\/impressum\/","title":{"rendered":"Impressum"},"content":{"rendered":"\t\t<div data-elementor-type=\"wp-page\" data-elementor-id=\"4700\" class=\"elementor elementor-4700\" data-elementor-post-type=\"page\">\n\t\t\t\t<div class=\"elementor-element elementor-element-7e83653 p-con bg-con e-con-full e-flex e-con e-parent\" data-id=\"7e83653\" data-element_type=\"container\" data-e-type=\"container\" data-settings=\"{&quot;background_background&quot;:&quot;classic&quot;}\">\n\t\t<div class=\"elementor-element elementor-element-e76c0cd e-con-full ph-con bg-con e-flex e-con e-child\" data-id=\"e76c0cd\" data-element_type=\"container\" data-e-type=\"container\" data-settings=\"{&quot;background_background&quot;:&quot;classic&quot;}\">\n\t\t<div class=\"elementor-element elementor-element-c1671cb e-con-full flex-con flex-size--2-1 flex-gap--0 e-flex e-con e-child\" data-id=\"c1671cb\" data-element_type=\"container\" data-e-type=\"container\">\n\t\t<div class=\"elementor-element elementor-element-6018108 e-con-full e-flex e-con e-child\" data-id=\"6018108\" data-element_type=\"container\" data-e-type=\"container\" data-settings=\"{&quot;background_background&quot;:&quot;classic&quot;}\">\n\t\t\t\t<div class=\"elementor-element elementor-element-97a5526 elementor-widget elementor-widget-text-editor\" data-id=\"97a5526\" data-element_type=\"widget\" data-e-type=\"widget\" data-widget_type=\"text-editor.default\">\n\t\t\t\t<div class=\"elementor-widget-container\">\n\t\t\t\t\t\t\t\t\t<p>IMPRESSUM<\/p>\t\t\t\t\t\t\t\t<\/div>\n\t\t\t\t<\/div>\n\t\t\t\t<div class=\"elementor-element elementor-element-99b8be8 elementor-widget elementor-widget-heading\" data-id=\"99b8be8\" data-element_type=\"widget\" data-e-type=\"widget\" data-widget_type=\"heading.default\">\n\t\t\t\t<div class=\"elementor-widget-container\">\n\t\t\t\t\t<h1 class=\"elementor-heading-title elementor-size-default\">Wir sch\u00f6pfen aus fast 100 Jahren Erfahrung<\/h1>\t\t\t\t<\/div>\n\t\t\t\t<\/div>\n\t\t\t\t<\/div>\n\t\t<div class=\"elementor-element elementor-element-928d48c e-con-full e-flex e-con e-child\" data-id=\"928d48c\" data-element_type=\"container\" data-e-type=\"container\">\n\t\t\t\t<div class=\"elementor-element elementor-element-fe918bf animated-big-arrow-down animate-bgo--transparent-yellow js-skip-page-header elementor-widget elementor-widget-button\" data-id=\"fe918bf\" data-element_type=\"widget\" data-e-type=\"widget\" data-widget_type=\"button.default\">\n\t\t\t\t<div class=\"elementor-widget-container\">\n\t\t\t\t\t\t\t\t\t<div class=\"elementor-button-wrapper\">\n\t\t\t\t\t<a class=\"elementor-button elementor-button-link elementor-size-sm\" href=\"\">\n\t\t\t\t\t\t<span class=\"elementor-button-content-wrapper\">\n\t\t\t\t\t\t\t\t\t<span class=\"elementor-button-text\"> <\/span>\n\t\t\t\t\t<\/span>\n\t\t\t\t\t<\/a>\n\t\t\t\t<\/div>\n\t\t\t\t\t\t\t\t<\/div>\n\t\t\t\t<\/div>\n\t\t\t\t<\/div>\n\t\t\t\t<\/div>\n\t\t\t\t<\/div>\n\t\t<div class=\"elementor-element elementor-element-d4eea57 e-con-full bg-con e-flex e-con e-child\" data-id=\"d4eea57\" data-element_type=\"container\" data-e-type=\"container\" data-settings=\"{&quot;background_background&quot;:&quot;classic&quot;}\">\n\t\t<div class=\"elementor-element elementor-element-f3d40fb e-con-full bg-con bg-gradient-1-r--white-gray--2-1 bg-gradient-1-r--white-gray--3-1-t bg--white-m e-flex e-con e-child\" data-id=\"f3d40fb\" data-element_type=\"container\" data-e-type=\"container\">\n\t\t<div class=\"elementor-element elementor-element-2fca041 e-con-full e-flex e-con e-child\" data-id=\"2fca041\" data-element_type=\"container\" data-e-type=\"container\">\n\t\t\t\t<div class=\"elementor-element elementor-element-e89fb8e elementor-widget elementor-widget-text-editor\" data-id=\"e89fb8e\" data-element_type=\"widget\" data-e-type=\"widget\" data-widget_type=\"text-editor.default\">\n\t\t\t\t<div class=\"elementor-widget-container\">\n\t\t\t\t\t\t\t\t\t<h2>Impressum<\/h2>\t\t\t\t\t\t\t\t<\/div>\n\t\t\t\t<\/div>\n\t\t\t\t<div class=\"elementor-element elementor-element-586e4d8 elementor-widget elementor-widget-spacer\" data-id=\"586e4d8\" data-element_type=\"widget\" data-e-type=\"widget\" data-widget_type=\"spacer.default\">\n\t\t\t\t<div class=\"elementor-widget-container\">\n\t\t\t\t\t\t\t<div class=\"elementor-spacer\">\n\t\t\t<div class=\"elementor-spacer-inner\"><\/div>\n\t\t<\/div>\n\t\t\t\t\t\t<\/div>\n\t\t\t\t<\/div>\n\t\t\t\t<div class=\"elementor-element elementor-element-addb74a elementor-widget elementor-widget-text-editor\" data-id=\"addb74a\" data-element_type=\"widget\" data-e-type=\"widget\" data-widget_type=\"text-editor.default\">\n\t\t\t\t<div class=\"elementor-widget-container\">\n\t\t\t\t\t\t\t\t\t<p><strong>Metallwarenfabrik Reichertshofen Karl Binder GmbH<br><\/strong>Ingolst\u00e4dter Str. 22<br>85084 Reichertshofen<\/p>\n<p>T: <a href=\"tel:+4984509269400\">+49 8450\/92 69-0<\/a><br>F: +49 8450 92 69-860<\/p>\n<p><a href=\"mailto:info@bindernet.de\" target=\"_blank\" rel=\"noopener\">info@bindernet.de<\/a> <br>www.bindernet.de<\/p>\n<p>Amtsgericht Ingolstadt<br>Handelsregister B: HRB 140938<br>Ust-Id.: DE 185 731 260<br><span style=\"color: var( --e-global-color-text ); font-family: var( --e-global-typography-text-font-family ), Montserrat, Sans-serif; font-size: var( --e-global-typography-text-font-size ); font-weight: var( --e-global-typography-text-font-weight ); text-align: var(--text-align);\">Gesch\u00e4ftsf\u00fchrer: Dipl.-Ing. Karl-Franz Binder, Dipl.-Ing. Markus Binder<\/span><\/p>\n<p><strong>Haftungshinweis:<br><\/strong>Trotz sorgf\u00e4ltiger inhaltlicher Kontrolle \u00fcbernehmen wir keine Haftung f\u00fcr die Inhalte externer Links. F\u00fcr den Inhalt der verlinkten Seiten sind ausschlie\u00dflich deren Betreiber verantwortlich. Abgebildete Firmen-Logos sind eingetragene Warenzeichen der betreffenden Firmen.<\/p>\n<p><strong>Urheberrecht:<br><\/strong>Alle Rechte sind vorbehalten. Gestaltung, Texte, Bilder sowie Programmierung der Webseite sind urheberrechtlich gesch\u00fctzt. S\u00e4mtliche Inhalte dieser Internetseite d\u00fcrfen nicht ohne ausdr\u00fcckliche Zustimmung der Metallwarenfabrik Reichertshofen Karl Binder GmbH in irgendeiner Form genutzt oder verwertet werden, auch nicht auszugsweise.<\/p>\n<p>Website: schnellervorlauf gmbh<\/p>\t\t\t\t\t\t\t\t<\/div>\n\t\t\t\t<\/div>\n\t\t\t\t<\/div>\n\t\t\t\t<\/div>\n\t\t\t\t<\/div>\n\t\t\t\t<div class=\"elementor-element elementor-element-94ae6f1 elementor-widget elementor-widget-spacer\" data-id=\"94ae6f1\" data-element_type=\"widget\" data-e-type=\"widget\" data-widget_type=\"spacer.default\">\n\t\t\t\t<div class=\"elementor-widget-container\">\n\t\t\t\t\t\t\t<div class=\"elementor-spacer\">\n\t\t\t<div class=\"elementor-spacer-inner\"><\/div>\n\t\t<\/div>\n\t\t\t\t\t\t<\/div>\n\t\t\t\t<\/div>\n\t\t\t\t<\/div>\n\t\t\t\t<\/div>\n\t\t","protected":false},"excerpt":{"rendered":"<p>IMPRESSUM Wir sch\u00f6pfen aus fast 100 Jahren Erfahrung Impressum Metallwarenfabrik Reichertshofen Karl Binder GmbHIngolst\u00e4dter Str. 2285084 Reichertshofen T: +49 8450\/92 69-0F: +49 8450 92 69-860 info@bindernet.de www.bindernet.de Amtsgericht IngolstadtHandelsregister B: HRB 140938Ust-Id.: DE 185 731 260Gesch\u00e4ftsf\u00fchrer: Dipl.-Ing. Karl-Franz Binder, Dipl.-Ing. Markus Binder Haftungshinweis:Trotz sorgf\u00e4ltiger inhaltlicher Kontrolle \u00fcbernehmen wir keine Haftung f\u00fcr die Inhalte externer Links. [&hellip;]<\/p>\n","protected":false},"author":1,"featured_media":0,"parent":0,"menu_order":0,"comment_status":"closed","ping_status":"closed","template":"","meta":{"_acf_changed":false,"inline_featured_image":false,"footnotes":""},"class_list":["post-4700","page","type-page","status-publish","hentry"],"acf":[],"yoast_head":"<!-- This site is optimized with the Yoast SEO plugin v27.5 - https:\/\/yoast.com\/product\/yoast-seo-wordpress\/ -->\n<title>Impressum - Binder<\/title>\n<meta name=\"description\" content=\"Erfahre alle rechtlichen Informationen \u00fcber uns von unserer Impressum Seite\" \/>\n<meta name=\"robots\" content=\"index, follow, max-snippet:-1, max-image-preview:large, max-video-preview:-1\" \/>\n<link rel=\"canonical\" href=\"https:\/\/www.bindernet.de\/de\/impressum\/\" \/>\n<meta property=\"og:locale\" content=\"de_DE\" \/>\n<meta property=\"og:type\" content=\"article\" \/>\n<meta property=\"og:title\" content=\"Impressum - Binder\" \/>\n<meta property=\"og:description\" content=\"Erfahre alle rechtlichen Informationen \u00fcber uns von unserer Impressum Seite\" \/>\n<meta property=\"og:url\" content=\"https:\/\/www.bindernet.de\/de\/impressum\/\" \/>\n<meta property=\"og:site_name\" content=\"Binder\" \/>\n<meta property=\"article:modified_time\" content=\"2024-07-18T00:48:28+00:00\" \/>\n<meta name=\"twitter:card\" content=\"summary_large_image\" \/>\n<meta name=\"twitter:label1\" content=\"Gesch\u00e4tzte Lesezeit\" \/>\n\t<meta name=\"twitter:data1\" content=\"1\u00a0Minute\" \/>\n<script type=\"application\/ld+json\" class=\"yoast-schema-graph\">{\"@context\":\"https:\\\/\\\/schema.org\",\"@graph\":[{\"@type\":\"WebPage\",\"@id\":\"https:\\\/\\\/www.bindernet.de\\\/de\\\/impressum\\\/\",\"url\":\"https:\\\/\\\/www.bindernet.de\\\/de\\\/impressum\\\/\",\"name\":\"Impressum - Binder\",\"isPartOf\":{\"@id\":\"https:\\\/\\\/www.bindernet.de\\\/de\\\/#website\"},\"datePublished\":\"2023-06-21T04:32:48+00:00\",\"dateModified\":\"2024-07-18T00:48:28+00:00\",\"description\":\"Erfahre alle rechtlichen Informationen \u00fcber uns von unserer Impressum Seite\",\"inLanguage\":\"de\",\"potentialAction\":[{\"@type\":\"ReadAction\",\"target\":[\"https:\\\/\\\/www.bindernet.de\\\/de\\\/impressum\\\/\"]}]},{\"@type\":\"WebSite\",\"@id\":\"https:\\\/\\\/www.bindernet.de\\\/de\\\/#website\",\"url\":\"https:\\\/\\\/www.bindernet.de\\\/de\\\/\",\"name\":\"Binder\",\"description\":\"\",\"publisher\":{\"@id\":\"https:\\\/\\\/www.bindernet.de\\\/de\\\/#organization\"},\"potentialAction\":[{\"@type\":\"SearchAction\",\"target\":{\"@type\":\"EntryPoint\",\"urlTemplate\":\"https:\\\/\\\/www.bindernet.de\\\/de\\\/?s={search_term_string}\"},\"query-input\":{\"@type\":\"PropertyValueSpecification\",\"valueRequired\":true,\"valueName\":\"search_term_string\"}}],\"inLanguage\":\"de\"},{\"@type\":\"Organization\",\"@id\":\"https:\\\/\\\/www.bindernet.de\\\/de\\\/#organization\",\"name\":\"Binder\",\"url\":\"https:\\\/\\\/www.bindernet.de\\\/de\\\/\",\"logo\":{\"@type\":\"ImageObject\",\"inLanguage\":\"de\",\"@id\":\"https:\\\/\\\/www.bindernet.de\\\/de\\\/#\\\/schema\\\/logo\\\/image\\\/\",\"url\":\"https:\\\/\\\/www.bindernet.de\\\/wp-content\\\/uploads\\\/logo_binder.svg\",\"contentUrl\":\"https:\\\/\\\/www.bindernet.de\\\/wp-content\\\/uploads\\\/logo_binder.svg\",\"width\":173,\"height\":42,\"caption\":\"Binder\"},\"image\":{\"@id\":\"https:\\\/\\\/www.bindernet.de\\\/de\\\/#\\\/schema\\\/logo\\\/image\\\/\"}}]}<\/script>\n<!-- \/ Yoast SEO plugin. -->","yoast_head_json":{"title":"Impressum - Binder","description":"Erfahre alle rechtlichen Informationen \u00fcber uns von unserer Impressum Seite","robots":{"index":"index","follow":"follow","max-snippet":"max-snippet:-1","max-image-preview":"max-image-preview:large","max-video-preview":"max-video-preview:-1"},"canonical":"https:\/\/www.bindernet.de\/de\/impressum\/","og_locale":"de_DE","og_type":"article","og_title":"Impressum - Binder","og_description":"Erfahre alle rechtlichen Informationen \u00fcber uns von unserer Impressum Seite","og_url":"https:\/\/www.bindernet.de\/de\/impressum\/","og_site_name":"Binder","article_modified_time":"2024-07-18T00:48:28+00:00","twitter_card":"summary_large_image","twitter_misc":{"Gesch\u00e4tzte Lesezeit":"1\u00a0Minute"},"schema":{"@context":"https:\/\/schema.org","@graph":[{"@type":"WebPage","@id":"https:\/\/www.bindernet.de\/de\/impressum\/","url":"https:\/\/www.bindernet.de\/de\/impressum\/","name":"Impressum - Binder","isPartOf":{"@id":"https:\/\/www.bindernet.de\/de\/#website"},"datePublished":"2023-06-21T04:32:48+00:00","dateModified":"2024-07-18T00:48:28+00:00","description":"Erfahre alle rechtlichen Informationen \u00fcber uns von unserer Impressum Seite","inLanguage":"de","potentialAction":[{"@type":"ReadAction","target":["https:\/\/www.bindernet.de\/de\/impressum\/"]}]},{"@type":"WebSite","@id":"https:\/\/www.bindernet.de\/de\/#website","url":"https:\/\/www.bindernet.de\/de\/","name":"Binder","description":"","publisher":{"@id":"https:\/\/www.bindernet.de\/de\/#organization"},"potentialAction":[{"@type":"SearchAction","target":{"@type":"EntryPoint","urlTemplate":"https:\/\/www.bindernet.de\/de\/?s={search_term_string}"},"query-input":{"@type":"PropertyValueSpecification","valueRequired":true,"valueName":"search_term_string"}}],"inLanguage":"de"},{"@type":"Organization","@id":"https:\/\/www.bindernet.de\/de\/#organization","name":"Binder","url":"https:\/\/www.bindernet.de\/de\/","logo":{"@type":"ImageObject","inLanguage":"de","@id":"https:\/\/www.bindernet.de\/de\/#\/schema\/logo\/image\/","url":"https:\/\/www.bindernet.de\/wp-content\/uploads\/logo_binder.svg","contentUrl":"https:\/\/www.bindernet.de\/wp-content\/uploads\/logo_binder.svg","width":173,"height":42,"caption":"Binder"},"image":{"@id":"https:\/\/www.bindernet.de\/de\/#\/schema\/logo\/image\/"}}]}},"_links":{"self":[{"href":"https:\/\/www.bindernet.de\/de\/wp-json\/wp\/v2\/pages\/4700","targetHints":{"allow":["GET"]}}],"collection":[{"href":"https:\/\/www.bindernet.de\/de\/wp-json\/wp\/v2\/pages"}],"about":[{"href":"https:\/\/www.bindernet.de\/de\/wp-json\/wp\/v2\/types\/page"}],"author":[{"embeddable":true,"href":"https:\/\/www.bindernet.de\/de\/wp-json\/wp\/v2\/users\/1"}],"replies":[{"embeddable":true,"href":"https:\/\/www.bindernet.de\/de\/wp-json\/wp\/v2\/comments?post=4700"}],"version-history":[{"count":22,"href":"https:\/\/www.bindernet.de\/de\/wp-json\/wp\/v2\/pages\/4700\/revisions"}],"predecessor-version":[{"id":9990,"href":"https:\/\/www.bindernet.de\/de\/wp-json\/wp\/v2\/pages\/4700\/revisions\/9990"}],"wp:attachment":[{"href":"https:\/\/www.bindernet.de\/de\/wp-json\/wp\/v2\/media?parent=4700"}],"curies":[{"name":"wp","href":"https:\/\/api.w.org\/{rel}","templated":true}]}}